{"id":71,"date":"2018-11-15T18:32:40","date_gmt":"2018-11-15T18:32:40","guid":{"rendered":"https:\/\/www.puma.uy\/?page_id=71"},"modified":"2019-10-15T14:20:41","modified_gmt":"2019-10-15T14:20:41","slug":"accesorios","status":"publish","type":"page","link":"https:\/\/www.puma.uy\/index.php\/accesorios\/","title":{"rendered":"LLANTAS"},"content":{"rendered":"\t<div class=\"img has-hover x md-x lg-x y md-y lg-y\" id=\"image_1579549849\">\n\t\t\t\t\t\t\t\t<div class=\"img-inner dark\" >\n\t\t\t<img width=\"1020\" height=\"275\" src=\"https:\/\/www.puma.uy\/wp-content\/uploads\/2019\/03\/banner-alcoa-1024x276-1024x276.jpg\" class=\"attachment-large size-large\" alt=\"\" loading=\"lazy\" srcset=\"https:\/\/www.puma.uy\/wp-content\/uploads\/2019\/03\/banner-alcoa-1024x276.jpg 1024w, https:\/\/www.puma.uy\/wp-content\/uploads\/2019\/03\/banner-alcoa-1024x276-300x81.jpg 300w, https:\/\/www.puma.uy\/wp-content\/uploads\/2019\/03\/banner-alcoa-1024x276-768x207.jpg 768w\" sizes=\"(max-width: 1020px) 100vw, 1020px\" \/>\t\t\t\t\t\t\n\t\t\t\t\t<\/div>\n\t\t\t\t\t\t\t\t\n<style scope=\"scope\">\n\n#image_1579549849 {\n  width: 100%;\n}\n<\/style>\n\t<\/div>\n\t\n<div class=\"gap-element\" style=\"display:block; height:auto; padding-top:40px\" class=\"clearfix\"><\/div>\n<p class=\"thin-font\" style=\"text-align: center;\">Cuando se trata de tecnolog\u00eda en aluminio, Alcoa no solamente es el l\u00edder, sino tambi\u00e9n el mayor especialista. Nuestra red mundial incorpora los conocimientos de cient\u00edficos, ingenieros y t\u00e9cnicos localizados en 31 pa\u00edses, todos liderados por el <strong>Centro T\u00e9cnico Alcoa<\/strong>, el mayor centro de investigaci\u00f3n y desarrollo de metales leves en el mundo localizado en Pensilvania (USA).<\/p>\n\t<section class=\"section\" id=\"section_1276436884\">\n\t\t<div class=\"bg section-bg fill bg-fill  bg-loaded\" >\n\n\t\t\t\n\t\t\t\n\t\t\t\n\n\t\t<\/div><!-- .section-bg -->\n\n\t\t<div class=\"section-content relative\">\n\t\t\t\n<div class=\"row row-large align-equal align-center\"  id=\"row-169574174\">\n<div class=\"col medium-3 small-9 large-3\"  ><div class=\"col-inner text-center\"  >\n\n\t\t<div class=\"icon-box featured-box icon-box-center text-center\"  >\n\t\t\t\t\t<div class=\"icon-box-img\" style=\"width: 60px\">\n\t\t\t\t<div class=\"icon\">\n\t\t\t\t\t<div class=\"icon-inner\" >\n\t\t\t\t\t\t<svg id=\"Layer_1\" data-name=\"Layer 1\" xmlns=\"http:\/\/www.w3.org\/2000\/svg\" viewBox=\"0 0 206.76 225.84\"><defs><style>.cls-1{fill:#6c6c6c;}.cls-2{fill:none;}<\/style><\/defs><title>weight<\/title><path class=\"cls-1\" d=\"M226.9737,223.1895l-23.871-133.184a11.2483,11.2483,0,0,0-11.074-9.265H152.33a40.399,40.399,0,1,0-56.656,0H55.9707a11.2485,11.2485,0,0,0-11.075,9.265l-23.871,133.184a11.2509,11.2509,0,0,0,11.074,13.234h183.805a11.25,11.25,0,0,0,11.07-13.234h0ZM124.0017,34.0765a17.8985,17.8985,0,1,1-17.899,17.898,17.9183,17.9183,0,0,1,17.899-17.898h0ZM121.06,185.67a3.3434,3.3434,0,0,1-2.945,1.754H112.81a3.3574,3.3574,0,0,1-2.894-1.656l-13.133-22.422-8.398,8.574v10.325a5.18,5.18,0,0,1-10.36,0v-40.95a5.18,5.18,0,0,1,10.36,0v17.606l19.933-21.699a3.3487,3.3487,0,0,1,2.469-1.086h4.555a3.35,3.35,0,0,1,2.406,5.679l-13.824,14.305,17,26.145a3.347,3.347,0,0,1,.136,3.425h0Zm51.032-6.832a3.3663,3.3663,0,0,1-1.258,2.622,31.2881,31.2881,0,0,1-8.172,4.441,34.332,34.332,0,0,1-12.512,2.398,28.0644,28.0644,0,0,1-14.035-3.379,21.4387,21.4387,0,0,1-8.992-9.66,31.1854,31.1854,0,0,1-3.012-13.664,29.5486,29.5486,0,0,1,3.36-14.246,22.6632,22.6632,0,0,1,9.835-9.555,26.537,26.537,0,0,1,12.286-2.554q9.55,0,14.925,4.008a17.4635,17.4635,0,0,1,3.934,4.046,5.2836,5.2836,0,0,1-3.363,8.215l-0.012.004a5.1162,5.1162,0,0,1-5.277-2.308,10.5593,10.5593,0,0,0-2.735-2.922,12.3133,12.3133,0,0,0-7.472-2.188q-6.792,0-10.797,4.305-4.008,4.3065-4.008,12.7729,0,9.135,4.059,13.704a13.5651,13.5651,0,0,0,10.64,4.566,17.8733,17.8733,0,0,0,6.528-1.277,22.56,22.56,0,0,0,5.617-3.098v-6.512h-7.543a4.32,4.32,0,1,1,0-8.64h14.656a3.35,3.35,0,0,1,3.348,3.351v15.57Zm0,0\" transform=\"translate(-20.62 -11.08)\"\/><rect class=\"cls-2\" width=\"206.76\" height=\"225.84\"\/><\/svg>\t\t\t\t\t<\/div>\n\t\t\t\t<\/div>\n\t\t\t<\/div>\n\t\t\t\t<div class=\"icon-box-text last-reset\">\n\t\t\t\t\t\t\t\t\t\n<h5 class=\"uppercase\" style=\"text-align: center;\">Aumento de la capacidad de carga en hasta 1 tonelada.<\/h5>\n\t\t<\/div>\n\t<\/div><!-- .icon-box -->\n\t\n\t\n<\/div><\/div>\n<div class=\"col medium-3 small-9 large-3\"  ><div class=\"col-inner text-center\"  >\n\n\t\t<div class=\"icon-box featured-box icon-box-center text-center\"  >\n\t\t\t\t\t<div class=\"icon-box-img\" style=\"width: 60px\">\n\t\t\t\t<div class=\"icon\">\n\t\t\t\t\t<div class=\"icon-inner\" >\n\t\t\t\t\t\t<?xml version=\"1.0\" encoding=\"iso-8859-1\"?>\r\n<!-- Generator: Adobe Illustrator 16.0.0, SVG Export Plug-In . SVG Version: 6.00 Build 0)  -->\r\n<!DOCTYPE svg PUBLIC \"-\/\/W3C\/\/DTD SVG 1.1\/\/EN\" \"http:\/\/www.w3.org\/Graphics\/SVG\/1.1\/DTD\/svg11.dtd\">\r\n<svg version=\"1.1\" id=\"Capa_1\" xmlns=\"http:\/\/www.w3.org\/2000\/svg\" xmlns:xlink=\"http:\/\/www.w3.org\/1999\/xlink\" x=\"0px\" y=\"0px\"\r\n\t width=\"612px\" height=\"612px\" viewBox=\"0 0 612 612\" style=\"enable-background:new 0 0 612 612;\" xml:space=\"preserve\">\r\n<g>\r\n\t<path d=\"M541.322,500.219v-94.372c0-20.277-16.438-36.716-36.715-36.716h-9.598V24.598c0-3.082-1.547-5.958-4.117-7.657\r\n\t\tL467.587,1.537c-6.103-4.033-14.239,0.342-14.239,7.657v110.652l-6.945-18.734c-9.34-25.196-33.373-41.918-60.245-41.918H225.702\r\n\t\tc-27.03,0-51.169,16.916-60.394,42.323l-6.655,18.329V9.194c0-7.314-8.137-11.69-14.24-7.657L121.107,16.94\r\n\t\tc-2.571,1.699-4.118,4.575-4.118,7.657v344.534h-9.597c-20.277,0-36.715,16.438-36.715,36.716v94.372H55.035\r\n\t\tc-5.069,0-9.178,4.109-9.178,9.179v50.743c0,5.069,4.109,9.179,9.178,9.179h39.598v24.322c0,10.139,8.219,18.357,18.358,18.357\r\n\t\th48.645c10.139,0,18.358-8.219,18.358-18.357V569.32h252.014v24.322c0,10.139,8.22,18.357,18.357,18.357h48.646\r\n\t\tc10.139,0,18.357-8.219,18.357-18.357V569.32h39.598c5.07,0,9.179-4.11,9.179-9.179v-50.742c0-5.07-4.109-9.179-9.179-9.179\r\n\t\tL541.322,500.219L541.322,500.219z M170.814,170.975h270.372v90.44H170.814V170.975z M164.527,474.533H133.17\r\n\t\tc-9.581,0-17.348-7.768-17.348-17.349v-0.438c0-9.581,7.767-17.348,17.348-17.348h31.356c9.581,0,17.348,7.767,17.348,17.348v0.438\r\n\t\tC181.875,466.765,174.108,474.533,164.527,474.533z M368.398,479.648H243.602c-10.139,0-18.358-8.22-18.358-18.357V344.976\r\n\t\tc0-10.138,8.219-18.357,18.358-18.357h124.796c10.138,0,18.357,8.22,18.357,18.357v116.314\r\n\t\tC386.756,471.428,378.536,479.648,368.398,479.648z M478.829,474.533h-31.356c-9.58,0-17.348-7.768-17.348-17.349v-0.438\r\n\t\tc0-9.581,7.768-17.348,17.348-17.348h31.356c9.581,0,17.349,7.767,17.349,17.348v0.438\r\n\t\tC496.178,466.765,488.41,474.533,478.829,474.533z M365.607,393.801H246.099c-5.019,0-9.087-4.068-9.087-9.088v-0.184\r\n\t\tc0-5.019,4.068-9.086,9.087-9.086h119.508c5.019,0,9.087,4.067,9.087,9.086v0.184C374.694,389.733,370.626,393.801,365.607,393.801\r\n\t\tz M365.607,357.085H246.099c-5.019,0-9.087-4.068-9.087-9.087v-0.184c0-5.018,4.068-9.086,9.087-9.086h119.508\r\n\t\tc5.019,0,9.087,4.068,9.087,9.086v0.184C374.694,353.017,370.626,357.085,365.607,357.085z M365.607,467.232H246.099\r\n\t\tc-5.019,0-9.087-4.068-9.087-9.087v-0.184c0-5.019,4.068-9.087,9.087-9.087h119.508c5.019,0,9.087,4.068,9.087,9.087v0.184\r\n\t\tC374.694,463.164,370.626,467.232,365.607,467.232z M365.607,430.516H246.099c-5.019,0-9.087-4.068-9.087-9.086v-0.184\r\n\t\tc0-5.019,4.068-9.087,9.087-9.087h119.508c5.019,0,9.087,4.068,9.087,9.087v0.184C374.694,426.448,370.626,430.516,365.607,430.516\r\n\t\tz\"\/>\r\n<\/g>\r\n<g>\r\n<\/g>\r\n<g>\r\n<\/g>\r\n<g>\r\n<\/g>\r\n<g>\r\n<\/g>\r\n<g>\r\n<\/g>\r\n<g>\r\n<\/g>\r\n<g>\r\n<\/g>\r\n<g>\r\n<\/g>\r\n<g>\r\n<\/g>\r\n<g>\r\n<\/g>\r\n<g>\r\n<\/g>\r\n<g>\r\n<\/g>\r\n<g>\r\n<\/g>\r\n<g>\r\n<\/g>\r\n<g>\r\n<\/g>\r\n<\/svg>\r\n\t\t\t\t\t<\/div>\n\t\t\t\t<\/div>\n\t\t\t<\/div>\n\t\t\t\t<div class=\"icon-box-text last-reset\">\n\t\t\t\t\t\t\t\t\t\n<h5 class=\"uppercase\" style=\"text-align: center;\">Realzan la imagen del veh\u00edculo y de la empresa.<\/h5>\n\t\t<\/div>\n\t<\/div><!-- .icon-box -->\n\t\n\t\n<\/div><\/div>\n<div class=\"col medium-3 small-9 large-3\"  ><div class=\"col-inner text-center\"  >\n\n\t\t<div class=\"icon-box featured-box icon-box-center text-center\"  >\n\t\t\t\t\t<div class=\"icon-box-img\" style=\"width: 60px\">\n\t\t\t\t<div class=\"icon\">\n\t\t\t\t\t<div class=\"icon-inner\" >\n\t\t\t\t\t\t<svg height=\"512pt\" viewBox=\"0 0 512 512\" width=\"512pt\" xmlns=\"http:\/\/www.w3.org\/2000\/svg\"><path d=\"m157.492188 210.574219 8.707031-15.039063-33.574219-54.390625c-17.964844 19.285157-31.484375 42.765625-38.882812 68.796875zm0 0\"\/><path d=\"m256 233.085938c-12.636719 0-22.914062 10.277343-22.914062 22.914062s10.277343 22.914062 22.914062 22.914062 22.914062-10.277343 22.914062-22.914062-10.277343-22.914062-22.914062-22.914062zm0 0\"\/><path d=\"m344.53125 193.316406 8.6875 15.050782 63.992188-1.949219c-7.960938-25.828125-21.972657-49.023438-40.367188-67.933594zm0 0\"\/><path d=\"m423.890625 271.988281c.496094-5.265625.761719-10.597656.761719-15.988281 0-6.683594-.402344-13.277344-1.164063-19.761719l-87.289062 2.664063-26.394531-45.746094 43.921874-74.535156c-9.671874-6.898438-20.105468-12.796875-31.136718-17.558594l-41.316406 76.925781h-52.8125l-42.628907-75.332031c-10.835937 4.976562-21.0625 11.066406-30.519531 18.125l45.839844 74.257812-26.464844 45.703126-86.566406-.855469c-.503906 5.304687-.773438 10.675781-.773438 16.109375 0 6.644531.398438 13.191406 1.148438 19.636718l87.292968-2.59375 26.359376 45.765626-43.976563 74.496093c9.667969 6.910157 20.09375 12.816407 31.125 17.585938l41.375-76.898438 52.8125.039063 42.570313 75.367187c10.917968-5.003906 21.214843-11.136719 30.734374-18.253906l-45.898437-74.222656 26.429687-45.726563zm-167.890625 36.925781c-29.179688 0-52.914062-23.738281-52.914062-52.914062s23.734374-52.914062 52.914062-52.914062 52.914062 23.738281 52.914062 52.914062-23.734374 52.914062-52.914062 52.914062zm0 0\"\/><path d=\"m245.953125 147.988281h17.378906l30.292969-56.402343c-12.101562-2.769532-24.695312-4.238282-37.625-4.238282-14.296875 0-28.179688 1.792969-41.441406 5.160156zm0 0\"\/><path d=\"m437.019531 74.980469c-48.351562-48.351563-112.640625-74.980469-181.019531-74.980469s-132.667969 26.628906-181.019531 74.980469c-48.351563 48.351562-74.980469 112.640625-74.980469 181.019531s26.628906 132.667969 74.980469 181.019531c48.351562 48.351563 112.640625 74.980469 181.019531 74.980469s132.667969-26.628906 181.019531-74.980469c48.351563-48.351562 74.980469-112.640625 74.980469-181.019531s-26.628906-132.667969-74.980469-181.019531zm-181.019531 379.671875c-109.535156 0-198.652344-89.117188-198.652344-198.652344s89.117188-198.652344 198.652344-198.652344 198.652344 89.117188 198.652344 198.652344-89.117188 198.652344-198.652344 198.652344zm0 0\"\/><path d=\"m167.421875 318.617188-8.675781-15.058594-63.992188 1.902344c7.941406 25.835937 21.933594 49.039062 40.316406 67.964843zm0 0\"\/><path d=\"m354.539062 301.351562-8.695312 15.046876 33.617188 54.363281c17.949218-19.296875 31.449218-42.785157 38.832031-68.824219zm0 0\"\/><path d=\"m265.96875 364.019531-17.378906-.015625-30.339844 56.386719c12.140625 2.785156 24.777344 4.261719 37.75 4.261719 14.253906 0 28.09375-1.785156 41.320312-5.128906zm0 0\"\/><\/svg>\t\t\t\t\t<\/div>\n\t\t\t\t<\/div>\n\t\t\t<\/div>\n\t\t\t\t<div class=\"icon-box-text last-reset\">\n\t\t\t\t\t\t\t\t\t\n<h5 class=\"uppercase\" style=\"text-align: center;\">Reducci\u00f3n del desgaste de neum\u00e1ticos, en promedio, de 10%.<\/h5>\n\t\t<\/div>\n\t<\/div><!-- .icon-box -->\n\t\n\t\n<\/div><\/div>\n<div class=\"col medium-3 small-9 large-3\"  ><div class=\"col-inner text-center\"  >\n\n\t\t<div class=\"icon-box featured-box icon-box-center text-center\"  >\n\t\t\t\t\t<div class=\"icon-box-img\" style=\"width: 60px\">\n\t\t\t\t<div class=\"icon\">\n\t\t\t\t\t<div class=\"icon-inner\" >\n\t\t\t\t\t\t<svg id=\"Layer_1\" data-name=\"Layer 1\" xmlns=\"http:\/\/www.w3.org\/2000\/svg\" viewBox=\"0 0 398 398\"><defs><style>.cls-1{fill:#6c6c6c;}<\/style><\/defs><title>002-petrol<\/title><path class=\"cls-1\" d=\"M367.352,69.211L347.195,29.707A16.8039,16.8039,0,1,0,317.258,44.98l13.73,26.915a55.3239,55.3239,0,0,0-37.879,52.433v41.211a12.604,12.604,0,0,0,12.602,12.606h29.867v42.222a34.0321,34.0321,0,0,1-33.992,33.992H281.129V37.969A31.0019,31.0019,0,0,0,250.16,7H101.543a39.0638,39.0638,0,0,0-39.02,39.02V329.57a31.0187,31.0187,0,0,0-23.711,30.102v18.723A12.6072,12.6072,0,0,0,51.418,391H292.234a12.6072,12.6072,0,0,0,12.606-12.605V359.672a31.0176,31.0176,0,0,0-23.711-30.102V287.965h20.457a67.6756,67.6756,0,0,0,67.602-67.598V76.852a16.816,16.816,0,0,0-1.836-7.641h0ZM227.84,132.484H115.812a10.504,10.504,0,0,1-10.503-10.504V60.746a10.504,10.504,0,0,1,10.503-10.504H227.84a10.5043,10.5043,0,0,1,10.504,10.504V121.98a10.5043,10.5043,0,0,1-10.504,10.504h0Zm0,0\"\/><\/svg>\t\t\t\t\t<\/div>\n\t\t\t\t<\/div>\n\t\t\t<\/div>\n\t\t\t\t<div class=\"icon-box-text last-reset\">\n\t\t\t\t\t\t\t\t\t\n<h5 class=\"uppercase\" style=\"text-align: center;\">Econom\u00eda de combustible, en promedio, de 3%.<\/h5>\n\t\t<\/div>\n\t<\/div><!-- .icon-box -->\n\t\n\t\n<\/div><\/div>\n<div class=\"col small-12 large-12\"  ><div class=\"col-inner\"  >\n<div class=\"video video-fit mb\" style=\"padding-top:54%;\"><p><iframe loading=\"lazy\" title=\"Alcoa\u00ae Wheels Spa\" width=\"1020\" height=\"574\" src=\"https:\/\/www.youtube.com\/embed\/tXkcdn8GrNk?feature=oembed\" frameborder=\"0\" allow=\"accelerometer; autoplay; encrypted-media; gyroscope; picture-in-picture\" allowfullscreen><\/iframe><\/p>\n<\/div>\n<p style=\"text-align: center;\">Las llantas forjadas de aluminio Alcoa son 50% m\u00e1s livianas y 5 veces m\u00e1s resistentes que las llantas fabricadas en acero. Reduzca peso y aumente la utilidad de su operaci\u00f3n utilizando llantas de aluminio Alcoa.<\/p>\n<\/div><\/div>\n<div class=\"col small-12 large-12\"  ><div class=\"col-inner dark\" style=\"background-color:#233656;padding:20px 0px 0px 0px;\" >\n<p style=\"text-align: center;\"><strong>Todas las llantas Alcoa son comercializadas con 5 a\u00f1os de garant\u00eda sin l\u00edmite de kilometraje.<\/strong><\/p>\n<\/div><\/div>\n\n<style scope=\"scope\">\n\n<\/style>\n<\/div>\n\t\t<\/div><!-- .section-content -->\n\n\t\t\n<style scope=\"scope\">\n\n#section_1276436884 {\n  padding-top: 30px;\n  padding-bottom: 30px;\n}\n<\/style>\n\t<\/section>\n\t\n","protected":false},"excerpt":{"rendered":"<p>Cuando se trata de tecnolog\u00eda en aluminio, Alcoa no solamente es el l\u00edder, sino tambi\u00e9n el mayor especialista. Nuestra red mundial incorpora los conocimientos de cient\u00edficos, ingenieros y t\u00e9cnicos localizados en 31 pa\u00edses, todos liderados por el Centro T\u00e9cnico Alcoa, el mayor centro de investigaci\u00f3n y desarrollo de metales leves en el mundo localizado en [&#8230;]\n","protected":false},"author":1,"featured_media":0,"parent":0,"menu_order":0,"comment_status":"closed","ping_status":"closed","template":"","meta":[],"_links":{"self":[{"href":"https:\/\/www.puma.uy\/index.php\/wp-json\/wp\/v2\/pages\/71"}],"collection":[{"href":"https:\/\/www.puma.uy\/index.php\/wp-json\/wp\/v2\/pages"}],"about":[{"href":"https:\/\/www.puma.uy\/index.php\/wp-json\/wp\/v2\/types\/page"}],"author":[{"embeddable":true,"href":"https:\/\/www.puma.uy\/index.php\/wp-json\/wp\/v2\/users\/1"}],"replies":[{"embeddable":true,"href":"https:\/\/www.puma.uy\/index.php\/wp-json\/wp\/v2\/comments?post=71"}],"version-history":[{"count":16,"href":"https:\/\/www.puma.uy\/index.php\/wp-json\/wp\/v2\/pages\/71\/revisions"}],"predecessor-version":[{"id":550,"href":"https:\/\/www.puma.uy\/index.php\/wp-json\/wp\/v2\/pages\/71\/revisions\/550"}],"wp:attachment":[{"href":"https:\/\/www.puma.uy\/index.php\/wp-json\/wp\/v2\/media?parent=71"}],"curies":[{"name":"wp","href":"https:\/\/api.w.org\/{rel}","templated":true}]}}